{"id":179,"date":"2019-06-06T10:25:13","date_gmt":"2019-06-06T10:25:13","guid":{"rendered":"http:\/\/mmkalender.de\/?page_id=179"},"modified":"2020-02-18T09:57:18","modified_gmt":"2020-02-18T09:57:18","slug":"widerrufsbelehrung","status":"publish","type":"page","link":"https:\/\/www.mmkalender.de\/index.php\/widerrufsbelehrung\/","title":{"rendered":"Widerrufsbelehrung"},"content":{"rendered":"\n<p><strong>Widerrufsrecht <\/strong><\/p>\n\n\n\n<p>Sie haben das Recht, binnen vierzehn Tagen ohne Angabe von Gr\u00fcnden diesen  Vertrag zu widerrufen. Die Widerrufsfrist betr\u00e4gt vierzehn Tage ab dem Tag  an dem Sie oder ein von Ihnen benannter Dritter, der nicht der Bef\u00f6rderer  ist, die Waren in Besitz genommen haben bzw. hat. Um Ihr Widerrufsrecht  auszu\u00fcben, m\u00fcssen Sie uns <\/p>\n\n\n\n<p>HS Grafik + Druck GmbH &amp; Co. KG<br>Josef-Spehl-Str. 17<br>52525 Heinsberg<br>Tel.: 0 24 52 \/ 95 08 &#8211; 0<br>Fax: 0 24 52 \/ 95 08 15<br>E-Mail-Adresse: <a href=\"mailto:info@mmkalender.de\">info@mmkalender.de<\/a><\/p>\n\n\n\n<p>mittels einer eindeutigen Erkl\u00e4rung (z.B. ein mit der Post versandter  Brief, Telefax oder E-Mail) \u00fcber Ihren Entschluss, diesen Vertrag zu  widerrufen, informieren. Sie k\u00f6nnen daf\u00fcr das <strong> <a href=\"http:\/\/mmkalender.de\/wp-content\/uploads\/2019\/06\/Widerrufsformular.pdf\" target=\"_blank\" rel=\"noreferrer noopener\" aria-label=\" (\u00f6ffnet in neuem Tab)\">Muster-Widerrufsformular<\/a><\/strong> verwenden, das  jedoch nicht vorgeschrieben ist. Zur Wahrung der Widerrufsfrist reicht es  aus, dass Sie die Mitteilung \u00fcber die Aus\u00fcbung des Widerrufsrechts vor  Ablauf der Widerrufsfrist absenden.<\/p>\n\n\n\n<p><strong>Folgen des Widerrufs<\/strong><br>Wenn Sie diesen Vertrag widerrufen, haben wir Ihnen alle Zahlungen, die wir  von Ihnen erhalten haben, einschlie\u00dflich der Lieferkosten (mit Ausnahme der  zus\u00e4tzlichen Kosten, die sich daraus ergeben, dass Sie eine andere Art der  Lieferung als die von uns angebotene, g\u00fcnstige Standardlieferung gew\u00e4hlt haben),  unverz\u00fcglich und sp\u00e4testens binnen vierzehn Tagen ab dem Tag zur\u00fcckzuzahlen, an  dem die Mitteilung \u00fcber Ihren Widerruf dieses Vertrags bei uns eingegangen ist.  F\u00fcr diese R\u00fcckzahlung verwenden wir dasselbe Zahlungsmittel, das Sie bei der  urspr\u00fcnglichen Transaktion eingesetzt haben, es sei denn, mit Ihnen wurde  ausdr\u00fccklich etwas anderes vereinbart; in keinem Fall werden Ihnen wegen dieser  R\u00fcckzahlung Entgelte berechnet.<br> <br>Wir k\u00f6nnen die R\u00fcckzahlung verweigern, bis wir die Waren wieder zur\u00fcckerhalten  haben oder bis Sie den Nachweis erbracht haben, dass Sie die Waren zur\u00fcckgesandt  haben, je nachdem, welches der fr\u00fchere Zeitpunkt ist. Sie haben die Waren  unverz\u00fcglich und in jedem Fall sp\u00e4testens binnen vierzehn Tagen ab dem Tag, an  dem Sie uns \u00fcber den Widerruf dieses Vertrages unterrichten, an uns  zur\u00fcckzusenden oder zu \u00fcbergeben. Die Frist ist gewahrt, wenn Sie die Waren vor  Ablauf der Frist von vierzehn Tagen absenden. Wir tragen die unmittelbaren  Kosten der R\u00fccksendung der Waren. Sie m\u00fcssen f\u00fcr einen etwaigen Wertverlust der  Waren nur aufkommen, wenn dieser Wertverlust auf einen zur Pr\u00fcfung der  Beschaffenheit, Eigenschaften und Funktionsweise der Waren nicht notwendigen  Umgang mit ihnen zur\u00fcckzuf\u00fchren ist.<\/p>\n\n\n\n<p>Ende der Widerrufsbelehrung <\/p>\n\n\n\n<p class=\"has-text-color has-vivid-red-color\"><strong>Paketversandf\u00e4hige Sachen sind nach vorheriger tel.  R\u00fccksprache unter 02452\/9508-0 auf unsere Kosten und Gefahr zur\u00fcckzusenden.<\/strong> <\/p>\n","protected":false},"excerpt":{"rendered":"<p>Widerrufsrecht Sie haben das Recht, binnen vierzehn Tagen ohne Angabe von Gr\u00fcnden diesen Vertrag zu widerrufen. Die Widerrufsfrist betr\u00e4gt vierzehn Tage ab dem Tag an dem Sie oder ein von Ihnen benannter Dritter, der nicht der Bef\u00f6rderer ist, die Waren in Besitz genommen haben bzw. hat. Um Ihr Widerrufsrecht auszu\u00fcben, m\u00fcssen Sie uns HS Grafik [&hellip;]<\/p>\n","protected":false},"author":2,"featured_media":0,"parent":0,"menu_order":0,"comment_status":"closed","ping_status":"closed","template":"","meta":{"footnotes":""},"class_list":["post-179","page","type-page","status-publish","hentry"],"_links":{"self":[{"href":"https:\/\/www.mmkalender.de\/index.php\/wp-json\/wp\/v2\/pages\/179","targetHints":{"allow":["GET"]}}],"collection":[{"href":"https:\/\/www.mmkalender.de\/index.php\/wp-json\/wp\/v2\/pages"}],"about":[{"href":"https:\/\/www.mmkalender.de\/index.php\/wp-json\/wp\/v2\/types\/page"}],"author":[{"embeddable":true,"href":"https:\/\/www.mmkalender.de\/index.php\/wp-json\/wp\/v2\/users\/2"}],"replies":[{"embeddable":true,"href":"https:\/\/www.mmkalender.de\/index.php\/wp-json\/wp\/v2\/comments?post=179"}],"version-history":[{"count":4,"href":"https:\/\/www.mmkalender.de\/index.php\/wp-json\/wp\/v2\/pages\/179\/revisions"}],"predecessor-version":[{"id":4362,"href":"https:\/\/www.mmkalender.de\/index.php\/wp-json\/wp\/v2\/pages\/179\/revisions\/4362"}],"wp:attachment":[{"href":"https:\/\/www.mmkalender.de\/index.php\/wp-json\/wp\/v2\/media?parent=179"}],"curies":[{"name":"wp","href":"https:\/\/api.w.org\/{rel}","templated":true}]}}