{"id":184,"date":"2019-06-06T11:33:09","date_gmt":"2019-06-06T11:33:09","guid":{"rendered":"http:\/\/mmkalender.de\/?page_id=184"},"modified":"2025-10-21T08:18:01","modified_gmt":"2025-10-21T08:18:01","slug":"impressum","status":"publish","type":"page","link":"https:\/\/www.mmkalender.de\/index.php\/impressum\/","title":{"rendered":"Impressum"},"content":{"rendered":"\n<figure class=\"wp-block-image is-resized\"><img loading=\"lazy\" decoding=\"async\" width=\"1024\" height=\"273\" src=\"http:\/\/mmkalender.de\/wp-content\/uploads\/2019\/06\/Logo-HS-Grafik-und-DruckMM-Kalender-1024x273.jpg\" alt=\"Logo HS Grafik &amp; Druck und M+M Kalender\" class=\"wp-image-191\" style=\"width:512px;height:137px\" srcset=\"https:\/\/www.mmkalender.de\/wp-content\/uploads\/2019\/06\/Logo-HS-Grafik-und-DruckMM-Kalender-1024x273.jpg 1024w, https:\/\/www.mmkalender.de\/wp-content\/uploads\/2019\/06\/Logo-HS-Grafik-und-DruckMM-Kalender-300x80.jpg 300w, https:\/\/www.mmkalender.de\/wp-content\/uploads\/2019\/06\/Logo-HS-Grafik-und-DruckMM-Kalender-768x204.jpg 768w, https:\/\/www.mmkalender.de\/wp-content\/uploads\/2019\/06\/Logo-HS-Grafik-und-DruckMM-Kalender-416x111.jpg 416w\" sizes=\"auto, (max-width: 1024px) 100vw, 1024px\" \/><\/figure>\n\n\n\n<figure class=\"wp-block-table\"><table><tbody><tr><td>Inhaber:<\/td><td>HS Grafik + Druck GmbH &amp; Co. KG <\/td><\/tr><tr><td><\/td><td>Josef-Spehl-Str. 17<br>52525 Heinsberg <\/td><\/tr><tr><td>Gesch\u00e4ftsf\u00fchrer:<\/td><td>Fabian Soto-Perez<\/td><\/tr><tr><td>Telefon:<br> Fax: <\/td><td>0 24 52 \/ 95 04 &#8211; 0<br>0 24 52 \/ 95 04 16<\/td><\/tr><tr><td>E-Mail:<\/td><td><a href=\"mailto:info@mmkalender.de\">info@mmkalender.de<\/a> <\/td><\/tr><tr><td>Handelsregister:<\/td><td>Kommanditgesellschaft: HRA 8512<br>Komplement\u00e4rin: HRB 19226<\/td><\/tr><\/tbody><\/table><\/figure>\n\n\n\n<p>Die EU-Kommission stellt eine Plattform f\u00fcr au\u00dfergerichtliche  Streitschlichtung bereit. Verbrauchern gibt dies k\u00fcnftig die  M\u00f6glichkeit, Streitigkeiten im Zusammenhang mit ihrer Online-Bestellung  zun\u00e4chst au\u00dfergerichtlich zu kl\u00e4ren. Die Streitbeilegungs-Plattform  finden Sie hier: <a href=\"http:\/\/ec.europa.eu\/consumers\/odr\/\"> h<\/a><a href=\"http:\/\/ec.europa.eu\/consumers\/odr\/\" target=\"_blank\" rel=\"noreferrer noopener\" aria-label=\"ttp:\/\/ec.europa.eu\/consumers\/odr\/ (\u00f6ffnet in neuem Tab)\">ttp:\/\/ec.europa.eu\/consumers\/odr\/<\/a><\/p>\n\n\n\n<p>Unsere E-Mail f\u00fcr  Verbraucherbeschwerden lautet: <a href=\"mailto:info@mmkalender.de\">info@mmkalender.de<\/a> <\/p>\n","protected":false},"excerpt":{"rendered":"<p>Inhaber: HS Grafik + Druck GmbH &amp; Co. KG Josef-Spehl-Str. 1752525 Heinsberg Gesch\u00e4ftsf\u00fchrer: Fabian Soto-Perez Telefon: Fax: 0 24 52 \/ 95 04 &#8211; 00 24 52 \/ 95 04 16 E-Mail: info@mmkalender.de Handelsregister: Kommanditgesellschaft: HRA 8512Komplement\u00e4rin: HRB 19226 Die EU-Kommission stellt eine Plattform f\u00fcr au\u00dfergerichtliche Streitschlichtung bereit. Verbrauchern gibt dies k\u00fcnftig die M\u00f6glichkeit, Streitigkeiten [&hellip;]<\/p>\n","protected":false},"author":2,"featured_media":0,"parent":0,"menu_order":0,"comment_status":"closed","ping_status":"closed","template":"","meta":{"footnotes":""},"class_list":["post-184","page","type-page","status-publish","hentry"],"_links":{"self":[{"href":"https:\/\/www.mmkalender.de\/index.php\/wp-json\/wp\/v2\/pages\/184","targetHints":{"allow":["GET"]}}],"collection":[{"href":"https:\/\/www.mmkalender.de\/index.php\/wp-json\/wp\/v2\/pages"}],"about":[{"href":"https:\/\/www.mmkalender.de\/index.php\/wp-json\/wp\/v2\/types\/page"}],"author":[{"embeddable":true,"href":"https:\/\/www.mmkalender.de\/index.php\/wp-json\/wp\/v2\/users\/2"}],"replies":[{"embeddable":true,"href":"https:\/\/www.mmkalender.de\/index.php\/wp-json\/wp\/v2\/comments?post=184"}],"version-history":[{"count":8,"href":"https:\/\/www.mmkalender.de\/index.php\/wp-json\/wp\/v2\/pages\/184\/revisions"}],"predecessor-version":[{"id":7610,"href":"https:\/\/www.mmkalender.de\/index.php\/wp-json\/wp\/v2\/pages\/184\/revisions\/7610"}],"wp:attachment":[{"href":"https:\/\/www.mmkalender.de\/index.php\/wp-json\/wp\/v2\/media?parent=184"}],"curies":[{"name":"wp","href":"https:\/\/api.w.org\/{rel}","templated":true}]}}