{"id":197,"date":"2019-06-06T12:59:54","date_gmt":"2019-06-06T12:59:54","guid":{"rendered":"http:\/\/mmkalender.de\/?page_id=197"},"modified":"2020-02-18T10:17:18","modified_gmt":"2020-02-18T10:17:18","slug":"werbekalender","status":"publish","type":"page","link":"https:\/\/www.mmkalender.de\/index.php\/werbekalender\/","title":{"rendered":"Werbekalender"},"content":{"rendered":"\n<p style=\"color:#008739\" class=\"has-text-color has-medium-font-size\">Werbekalender mit individuellem Eindruck<\/p>\n\n\n\n<div class=\"wp-block-image\"><figure class=\"alignright size-medium\"><img loading=\"lazy\" decoding=\"async\" width=\"241\" height=\"300\" src=\"http:\/\/mmkalender.de\/wp-content\/uploads\/2019\/11\/werbekalender-kalenderprogramm-241x300.png\" alt=\"Kalenderprogramm\" class=\"wp-image-3236\" srcset=\"https:\/\/www.mmkalender.de\/wp-content\/uploads\/2019\/11\/werbekalender-kalenderprogramm-241x300.png 241w, https:\/\/www.mmkalender.de\/wp-content\/uploads\/2019\/11\/werbekalender-kalenderprogramm-821x1024.png 821w, https:\/\/www.mmkalender.de\/wp-content\/uploads\/2019\/11\/werbekalender-kalenderprogramm-768x957.png 768w, https:\/\/www.mmkalender.de\/wp-content\/uploads\/2019\/11\/werbekalender-kalenderprogramm-416x519.png 416w, https:\/\/www.mmkalender.de\/wp-content\/uploads\/2019\/11\/werbekalender-kalenderprogramm.png 957w\" sizes=\"auto, (max-width: 241px) 100vw, 241px\" \/><\/figure><\/div>\n\n\n\n<p style=\"color:#008739\" class=\"has-text-color\"><strong>Ganzj\u00e4hrige Werbung muss nicht teuer sein!<\/strong><\/p>\n\n\n\n<p class=\"has-text-color has-very-dark-gray-color\">Kalenderformat 29 x 32 cm<\/p>\n\n\n\n<p>Seit Jahren beliebte Begleiter durch ein neues Jahr. Umsatzstarke Rarit\u00e4ten unter den Wandkalendern.<\/p>\n\n\n\n<p>Werbekalender  sind ein funktionelles und praktisches Werbemedium. \u00dcberraschen Sie mit unseren au\u00dfergew\u00f6hnlichen und wirkungsvollen Werbetr\u00e4gern Ihre Kunden und Gesch\u00e4ftspartner \u2013 an 365 Tagen im Jahr.<br>Fordern Sie noch heute unser Gesamtprospekt an.<\/p>\n\n\n\n<p style=\"color:#008739\" class=\"has-text-color\"><strong>Gerne  unterbreiten wir Ihnen ein individuelles Angebot, auch mit  Werbeeindruck. Einfarbig oder mehrfarbig \u2013 mit Werbeslogan, Firmenlogo  und Kontaktdaten \u2013 ganz nach Ihren W\u00fcnschen.<\/strong><\/p>\n\n\n\n<p>Senden Sie uns Ihre Anfrage <a href=\"mailto:info@mmkalender.de\" target=\"_blank\" rel=\"noreferrer noopener\" aria-label=\"per E-Mail (\u00f6ffnet in neuem Tab)\">per E-Mail<\/a> oder rufen einfach an, Telefon 0 24 52 \/ 95 08 \u2013 0. <\/p>\n\n\n\n<figure class=\"wp-block-image size-large\"><img loading=\"lazy\" decoding=\"async\" width=\"935\" height=\"1024\" src=\"http:\/\/mmkalender.de\/wp-content\/uploads\/2019\/11\/werbekalender-image-935x1024.jpg\" alt=\"Werbekalender\" class=\"wp-image-3235\" srcset=\"https:\/\/www.mmkalender.de\/wp-content\/uploads\/2019\/11\/werbekalender-image-935x1024.jpg 935w, https:\/\/www.mmkalender.de\/wp-content\/uploads\/2019\/11\/werbekalender-image-274x300.jpg 274w, https:\/\/www.mmkalender.de\/wp-content\/uploads\/2019\/11\/werbekalender-image-768x841.jpg 768w, https:\/\/www.mmkalender.de\/wp-content\/uploads\/2019\/11\/werbekalender-image-1403x1536.jpg 1403w, https:\/\/www.mmkalender.de\/wp-content\/uploads\/2019\/11\/werbekalender-image-1870x2048.jpg 1870w, https:\/\/www.mmkalender.de\/wp-content\/uploads\/2019\/11\/werbekalender-image-416x456.jpg 416w\" sizes=\"auto, (max-width: 935px) 100vw, 935px\" \/><\/figure>\n","protected":false},"excerpt":{"rendered":"<p>Werbekalender mit individuellem Eindruck Ganzj\u00e4hrige Werbung muss nicht teuer sein! Kalenderformat 29 x 32 cm Seit Jahren beliebte Begleiter durch ein neues Jahr. Umsatzstarke Rarit\u00e4ten unter den Wandkalendern. Werbekalender sind ein funktionelles und praktisches Werbemedium. \u00dcberraschen Sie mit unseren au\u00dfergew\u00f6hnlichen und wirkungsvollen Werbetr\u00e4gern Ihre Kunden und Gesch\u00e4ftspartner \u2013 an 365 Tagen im Jahr.Fordern Sie noch [&hellip;]<\/p>\n","protected":false},"author":2,"featured_media":0,"parent":0,"menu_order":0,"comment_status":"closed","ping_status":"closed","template":"","meta":{"footnotes":""},"class_list":["post-197","page","type-page","status-publish","hentry"],"_links":{"self":[{"href":"https:\/\/www.mmkalender.de\/index.php\/wp-json\/wp\/v2\/pages\/197","targetHints":{"allow":["GET"]}}],"collection":[{"href":"https:\/\/www.mmkalender.de\/index.php\/wp-json\/wp\/v2\/pages"}],"about":[{"href":"https:\/\/www.mmkalender.de\/index.php\/wp-json\/wp\/v2\/types\/page"}],"author":[{"embeddable":true,"href":"https:\/\/www.mmkalender.de\/index.php\/wp-json\/wp\/v2\/users\/2"}],"replies":[{"embeddable":true,"href":"https:\/\/www.mmkalender.de\/index.php\/wp-json\/wp\/v2\/comments?post=197"}],"version-history":[{"count":8,"href":"https:\/\/www.mmkalender.de\/index.php\/wp-json\/wp\/v2\/pages\/197\/revisions"}],"predecessor-version":[{"id":4366,"href":"https:\/\/www.mmkalender.de\/index.php\/wp-json\/wp\/v2\/pages\/197\/revisions\/4366"}],"wp:attachment":[{"href":"https:\/\/www.mmkalender.de\/index.php\/wp-json\/wp\/v2\/media?parent=197"}],"curies":[{"name":"wp","href":"https:\/\/api.w.org\/{rel}","templated":true}]}}