{"id":199,"date":"2019-06-06T13:00:49","date_gmt":"2019-06-06T13:00:49","guid":{"rendered":"http:\/\/mmkalender.de\/?page_id=199"},"modified":"2020-02-18T10:18:11","modified_gmt":"2020-02-18T10:18:11","slug":"haendlerpreise","status":"publish","type":"page","link":"https:\/\/www.mmkalender.de\/index.php\/haendlerpreise\/","title":{"rendered":"H\u00e4ndlerpreise"},"content":{"rendered":"\n<div class=\"wp-block-image\"><figure class=\"alignright size-medium\"><img loading=\"lazy\" decoding=\"async\" width=\"244\" height=\"300\" src=\"http:\/\/mmkalender.de\/wp-content\/uploads\/2019\/11\/haendlerpreise-244x300.png\" alt=\"\" class=\"wp-image-3247\" srcset=\"https:\/\/www.mmkalender.de\/wp-content\/uploads\/2019\/11\/haendlerpreise-244x300.png 244w, https:\/\/www.mmkalender.de\/wp-content\/uploads\/2019\/11\/haendlerpreise-768x945.png 768w, https:\/\/www.mmkalender.de\/wp-content\/uploads\/2019\/11\/haendlerpreise-416x512.png 416w, https:\/\/www.mmkalender.de\/wp-content\/uploads\/2019\/11\/haendlerpreise.png 813w\" sizes=\"auto, (max-width: 244px) 100vw, 244px\" \/><\/figure><\/div>\n\n\n\n<p>H\u00e4ndlerpreise f\u00fcr Buchh\u00e4ndler und andere Wiederverk\u00e4ufer<\/p>\n\n\n\n<p>Sie sind Buchh\u00e4ndler oder Wiederverk\u00e4ufer f\u00fcr Papier, B\u00fcrobedarf und Schreibwaren? Dann senden Sie uns einfach Ihre Anfrage <a href=\"mailto:info@mmkalender.de\" target=\"_blank\" rel=\"noreferrer noopener\" aria-label=\"per E-Mail (\u00f6ffnet in neuem Tab)\">per E-Mail<\/a> oder rufen uns an, Telefon 0 24 52 \/ 95 08 \u2013 0.<\/p>\n\n\n\n<p style=\"color:#008739\" class=\"has-text-color\"><strong>Wir senden Ihnen gerne unsere Preisliste und unser aktuelles Prospekt als PDF-Dokument per <a href=\"mailto:info@mmkalender.de\">E-Mail<\/a> oder in Druckform per Post.<\/strong><\/p>\n\n\n\n<p>Bitte geben Sie bei Bestellung das gew\u00fcnschte Medium an.<\/p>\n","protected":false},"excerpt":{"rendered":"<p>H\u00e4ndlerpreise f\u00fcr Buchh\u00e4ndler und andere Wiederverk\u00e4ufer Sie sind Buchh\u00e4ndler oder Wiederverk\u00e4ufer f\u00fcr Papier, B\u00fcrobedarf und Schreibwaren? Dann senden Sie uns einfach Ihre Anfrage per E-Mail oder rufen uns an, Telefon 0 24 52 \/ 95 08 \u2013 0. Wir senden Ihnen gerne unsere Preisliste und unser aktuelles Prospekt als PDF-Dokument per E-Mail oder in Druckform [&hellip;]<\/p>\n","protected":false},"author":2,"featured_media":0,"parent":0,"menu_order":0,"comment_status":"closed","ping_status":"closed","template":"","meta":{"footnotes":""},"class_list":["post-199","page","type-page","status-publish","hentry"],"_links":{"self":[{"href":"https:\/\/www.mmkalender.de\/index.php\/wp-json\/wp\/v2\/pages\/199","targetHints":{"allow":["GET"]}}],"collection":[{"href":"https:\/\/www.mmkalender.de\/index.php\/wp-json\/wp\/v2\/pages"}],"about":[{"href":"https:\/\/www.mmkalender.de\/index.php\/wp-json\/wp\/v2\/types\/page"}],"author":[{"embeddable":true,"href":"https:\/\/www.mmkalender.de\/index.php\/wp-json\/wp\/v2\/users\/2"}],"replies":[{"embeddable":true,"href":"https:\/\/www.mmkalender.de\/index.php\/wp-json\/wp\/v2\/comments?post=199"}],"version-history":[{"count":7,"href":"https:\/\/www.mmkalender.de\/index.php\/wp-json\/wp\/v2\/pages\/199\/revisions"}],"predecessor-version":[{"id":4367,"href":"https:\/\/www.mmkalender.de\/index.php\/wp-json\/wp\/v2\/pages\/199\/revisions\/4367"}],"wp:attachment":[{"href":"https:\/\/www.mmkalender.de\/index.php\/wp-json\/wp\/v2\/media?parent=199"}],"curies":[{"name":"wp","href":"https:\/\/api.w.org\/{rel}","templated":true}]}}