{"id":201,"date":"2019-06-06T13:20:50","date_gmt":"2019-06-06T13:20:50","guid":{"rendered":"http:\/\/mmkalender.de\/?page_id=201"},"modified":"2020-12-16T12:58:53","modified_gmt":"2020-12-16T12:58:53","slug":"geschenk-service","status":"publish","type":"page","link":"https:\/\/www.mmkalender.de\/index.php\/geschenk-service\/","title":{"rendered":"Geschenk-Service"},"content":{"rendered":"\n<div class=\"wp-block-image\"><figure class=\"alignright size-medium\"><img loading=\"lazy\" decoding=\"async\" width=\"300\" height=\"137\" src=\"http:\/\/mmkalender.de\/wp-content\/uploads\/2019\/11\/geschenk-service-300x137.png\" alt=\"\" class=\"wp-image-3232\" srcset=\"https:\/\/www.mmkalender.de\/wp-content\/uploads\/2019\/11\/geschenk-service-300x137.png 300w, https:\/\/www.mmkalender.de\/wp-content\/uploads\/2019\/11\/geschenk-service-1024x467.png 1024w, https:\/\/www.mmkalender.de\/wp-content\/uploads\/2019\/11\/geschenk-service-768x350.png 768w, https:\/\/www.mmkalender.de\/wp-content\/uploads\/2019\/11\/geschenk-service-416x190.png 416w, https:\/\/www.mmkalender.de\/wp-content\/uploads\/2019\/11\/geschenk-service.png 1046w\" sizes=\"auto, (max-width: 300px) 100vw, 300px\" \/><\/figure><\/div>\n\n\n\n<p>Ein Geschenk f\u00fcr alle Anl\u00e4sse<\/p>\n\n\n\n<p>M\u00f6chten Sie Anderen eine Freude machen?<\/p>\n\n\n\n<p>Gerne senden wir den Kalender als Geschenk mit einem Gru\u00df an die von Ihnen gew\u00fcnschte Adresse.<\/p>\n\n\n\n<p>Bitte w\u00e4hlen Sie dazu &#8222;Lieferung an eine andere Adresse senden&#8220; aus. <br>Im Feld &#8222;Bestellhinweise&#8220; k\u00f6nnen Sie ein paar pers\u00f6nliche Zeilen verfassen, die wir dem Kalender f\u00fcr den Beschenkten beilegen.<\/p>\n\n\n\n<p>Die Rechnung bekommen Sie zugeschickt.<\/p>\n\n\n\n<figure class=\"wp-block-image size-large\"><img loading=\"lazy\" decoding=\"async\" width=\"1000\" height=\"709\" src=\"http:\/\/mmkalender.de\/wp-content\/uploads\/2019\/11\/geschenkeservice01.jpg\" alt=\"Geschenkeservice\" class=\"wp-image-3229\" srcset=\"https:\/\/www.mmkalender.de\/wp-content\/uploads\/2019\/11\/geschenkeservice01.jpg 1000w, https:\/\/www.mmkalender.de\/wp-content\/uploads\/2019\/11\/geschenkeservice01-300x213.jpg 300w, https:\/\/www.mmkalender.de\/wp-content\/uploads\/2019\/11\/geschenkeservice01-768x545.jpg 768w, https:\/\/www.mmkalender.de\/wp-content\/uploads\/2019\/11\/geschenkeservice01-416x295.jpg 416w\" sizes=\"auto, (max-width: 1000px) 100vw, 1000px\" \/><\/figure>\n","protected":false},"excerpt":{"rendered":"<p>Ein Geschenk f\u00fcr alle Anl\u00e4sse M\u00f6chten Sie Anderen eine Freude machen? Gerne senden wir den Kalender als Geschenk mit einem Gru\u00df an die von Ihnen gew\u00fcnschte Adresse. Bitte w\u00e4hlen Sie dazu &#8222;Lieferung an eine andere Adresse senden&#8220; aus. Im Feld &#8222;Bestellhinweise&#8220; k\u00f6nnen Sie ein paar pers\u00f6nliche Zeilen verfassen, die wir dem Kalender f\u00fcr den Beschenkten [&hellip;]<\/p>\n","protected":false},"author":2,"featured_media":0,"parent":0,"menu_order":0,"comment_status":"closed","ping_status":"closed","template":"","meta":{"footnotes":""},"class_list":["post-201","page","type-page","status-publish","hentry"],"_links":{"self":[{"href":"https:\/\/www.mmkalender.de\/index.php\/wp-json\/wp\/v2\/pages\/201","targetHints":{"allow":["GET"]}}],"collection":[{"href":"https:\/\/www.mmkalender.de\/index.php\/wp-json\/wp\/v2\/pages"}],"about":[{"href":"https:\/\/www.mmkalender.de\/index.php\/wp-json\/wp\/v2\/types\/page"}],"author":[{"embeddable":true,"href":"https:\/\/www.mmkalender.de\/index.php\/wp-json\/wp\/v2\/users\/2"}],"replies":[{"embeddable":true,"href":"https:\/\/www.mmkalender.de\/index.php\/wp-json\/wp\/v2\/comments?post=201"}],"version-history":[{"count":5,"href":"https:\/\/www.mmkalender.de\/index.php\/wp-json\/wp\/v2\/pages\/201\/revisions"}],"predecessor-version":[{"id":4912,"href":"https:\/\/www.mmkalender.de\/index.php\/wp-json\/wp\/v2\/pages\/201\/revisions\/4912"}],"wp:attachment":[{"href":"https:\/\/www.mmkalender.de\/index.php\/wp-json\/wp\/v2\/media?parent=201"}],"curies":[{"name":"wp","href":"https:\/\/api.w.org\/{rel}","templated":true}]}}