{"id":203,"date":"2019-06-06T13:22:10","date_gmt":"2019-06-06T13:22:10","guid":{"rendered":"http:\/\/mmkalender.de\/?page_id=203"},"modified":"2022-08-11T07:26:05","modified_gmt":"2022-08-11T07:26:05","slug":"alte-kalender","status":"publish","type":"page","link":"https:\/\/www.mmkalender.de\/index.php\/alte-kalender\/","title":{"rendered":"Alte Kalender"},"content":{"rendered":"<div class=\"wp-block-image\">\n<figure class=\"alignright size-medium\"><img loading=\"lazy\" decoding=\"async\" width=\"241\" height=\"300\" src=\"http:\/\/mmkalender.de\/wp-content\/uploads\/2019\/11\/stempel-stern-241x300.png\" alt=\"\" class=\"wp-image-3253\" srcset=\"https:\/\/www.mmkalender.de\/wp-content\/uploads\/2019\/11\/stempel-stern-241x300.png 241w, https:\/\/www.mmkalender.de\/wp-content\/uploads\/2019\/11\/stempel-stern-768x956.png 768w, https:\/\/www.mmkalender.de\/wp-content\/uploads\/2019\/11\/stempel-stern-416x518.png 416w, https:\/\/www.mmkalender.de\/wp-content\/uploads\/2019\/11\/stempel-stern.png 803w\" sizes=\"auto, (max-width: 241px) 100vw, 241px\" \/><\/figure>\n<\/div>\n\n\n<p>Alte Kalender-Ausgaben<\/p>\n\n\n\n<p>Sie sammeln alte Motive und interessieren sich auch f\u00fcr Kalender-Exemplare aus vorangegangenen Jahren?<\/p>\n\n\n\n<p class=\"has-text-color\" style=\"color:#008739\"><strong>Gerne liefern wir Ihnen einzelne alte Ausgaben, soweit vorhanden, zum Vorzugspreis von 4,90 \u20ac zzgl. Versand<\/strong> <strong>3,45 \u20ac.<\/strong><\/p>\n\n\n\n<p class=\"has-text-color\" style=\"color:#6d6d6d\">Nutzen Sie bei gr\u00f6\u00dferen Bestellmengen unsere g\u00fcnstigen Staffelpreise:<br>ab 2 Exemplare je 4,90 \u20ac zzgl. Versand 3,95\u20ac<br>ab 5 Exemplare je 3,90 \u20ac zzgl. Versand 3,95 \u20ac <br>ab 10 Exemplare  je  2,90 \u20ac zzgl. Versand 3,95 \u20ac <br>ab 20 Exemplare  je  2,40 \u20ac zzgl. Versand 3,95 \u20ac <br>alle noch vorhandenen Exemplare je 1,50 \u20ac zzgl. Versand 3,95 \u20ac <\/p>\n\n\n\n<p>Alle Preise inkl. MwSt., Lieferung auf Rechnung.<\/p>\n\n\n\n<p>Welche Kalender-Titel seit wann aufgelegt werden und welche Jahrg\u00e4nge noch vorr\u00e4tig sind auf Anfrage <a href=\"mailto:info@mmkalender.de\" target=\"_blank\" rel=\"noreferrer noopener\" aria-label=\"per E-Mail (\u00f6ffnet in neuem Tab)\">per E-Mail<\/a> oder Telefon 0 24 52 \/ 95 08 &#8211; 0.<\/p>\n\n\n\n<figure class=\"wp-block-image size-large\"><img decoding=\"async\" src=\"http:\/\/mmkalender.de\/wp-content\/uploads\/2019\/11\/alte-ausgaben-991x1024.png\" alt=\"Alte Kalender-Ausgaben\" class=\"wp-image-3255\"\/><\/figure>\n","protected":false},"excerpt":{"rendered":"<p>Alte Kalender-Ausgaben Sie sammeln alte Motive und interessieren sich auch f\u00fcr Kalender-Exemplare aus vorangegangenen Jahren? Gerne liefern wir Ihnen einzelne alte Ausgaben, soweit vorhanden, zum Vorzugspreis von 4,90 \u20ac zzgl. Versand 3,45 \u20ac. Nutzen Sie bei gr\u00f6\u00dferen Bestellmengen unsere g\u00fcnstigen Staffelpreise:ab 2 Exemplare je 4,90 \u20ac zzgl. Versand 3,95\u20acab 5 Exemplare je 3,90 \u20ac zzgl. [&hellip;]<\/p>\n","protected":false},"author":2,"featured_media":0,"parent":0,"menu_order":0,"comment_status":"closed","ping_status":"closed","template":"","meta":{"footnotes":""},"class_list":["post-203","page","type-page","status-publish","hentry"],"_links":{"self":[{"href":"https:\/\/www.mmkalender.de\/index.php\/wp-json\/wp\/v2\/pages\/203","targetHints":{"allow":["GET"]}}],"collection":[{"href":"https:\/\/www.mmkalender.de\/index.php\/wp-json\/wp\/v2\/pages"}],"about":[{"href":"https:\/\/www.mmkalender.de\/index.php\/wp-json\/wp\/v2\/types\/page"}],"author":[{"embeddable":true,"href":"https:\/\/www.mmkalender.de\/index.php\/wp-json\/wp\/v2\/users\/2"}],"replies":[{"embeddable":true,"href":"https:\/\/www.mmkalender.de\/index.php\/wp-json\/wp\/v2\/comments?post=203"}],"version-history":[{"count":20,"href":"https:\/\/www.mmkalender.de\/index.php\/wp-json\/wp\/v2\/pages\/203\/revisions"}],"predecessor-version":[{"id":5828,"href":"https:\/\/www.mmkalender.de\/index.php\/wp-json\/wp\/v2\/pages\/203\/revisions\/5828"}],"wp:attachment":[{"href":"https:\/\/www.mmkalender.de\/index.php\/wp-json\/wp\/v2\/media?parent=203"}],"curies":[{"name":"wp","href":"https:\/\/api.w.org\/{rel}","templated":true}]}}