{"id":59,"date":"2019-06-05T06:52:56","date_gmt":"2019-06-05T06:52:56","guid":{"rendered":"http:\/\/mmkalender.de\/?page_id=59"},"modified":"2026-03-02T08:45:25","modified_gmt":"2026-03-02T08:45:25","slug":"startseite","status":"publish","type":"page","link":"https:\/\/www.mmkalender.de\/","title":{"rendered":"Startseite"},"content":{"rendered":"\n<figure class=\"wp-block-image size-large\"><img loading=\"lazy\" decoding=\"async\" width=\"1024\" height=\"165\" src=\"https:\/\/www.mmkalender.de\/wp-content\/uploads\/2026\/03\/Banner-Kalender-2026-1024x165.jpg\" alt=\"\" class=\"wp-image-7932\" srcset=\"https:\/\/www.mmkalender.de\/wp-content\/uploads\/2026\/03\/Banner-Kalender-2026-1024x165.jpg 1024w, https:\/\/www.mmkalender.de\/wp-content\/uploads\/2026\/03\/Banner-Kalender-2026-300x48.jpg 300w, https:\/\/www.mmkalender.de\/wp-content\/uploads\/2026\/03\/Banner-Kalender-2026-768x123.jpg 768w, https:\/\/www.mmkalender.de\/wp-content\/uploads\/2026\/03\/Banner-Kalender-2026-1536x247.jpg 1536w, https:\/\/www.mmkalender.de\/wp-content\/uploads\/2026\/03\/Banner-Kalender-2026-2048x329.jpg 2048w, https:\/\/www.mmkalender.de\/wp-content\/uploads\/2026\/03\/Banner-Kalender-2026-416x67.jpg 416w\" sizes=\"auto, (max-width: 1024px) 100vw, 1024px\" \/><\/figure>\n\n\n<div class=\"wp-block-image\">\n<figure class=\"alignleft size-full is-resized\"><img loading=\"lazy\" decoding=\"async\" width=\"1500\" height=\"2121\" src=\"https:\/\/www.mmkalender.de\/wp-content\/uploads\/2026\/03\/Kalenderprogramm-2027.jpg\" alt=\"\" class=\"wp-image-7929\" style=\"width:300px\" srcset=\"https:\/\/www.mmkalender.de\/wp-content\/uploads\/2026\/03\/Kalenderprogramm-2027.jpg 1500w, https:\/\/www.mmkalender.de\/wp-content\/uploads\/2026\/03\/Kalenderprogramm-2027-212x300.jpg 212w, https:\/\/www.mmkalender.de\/wp-content\/uploads\/2026\/03\/Kalenderprogramm-2027-724x1024.jpg 724w, https:\/\/www.mmkalender.de\/wp-content\/uploads\/2026\/03\/Kalenderprogramm-2027-768x1086.jpg 768w, https:\/\/www.mmkalender.de\/wp-content\/uploads\/2026\/03\/Kalenderprogramm-2027-1086x1536.jpg 1086w, https:\/\/www.mmkalender.de\/wp-content\/uploads\/2026\/03\/Kalenderprogramm-2027-1448x2048.jpg 1448w, https:\/\/www.mmkalender.de\/wp-content\/uploads\/2026\/03\/Kalenderprogramm-2027-416x588.jpg 416w\" sizes=\"auto, (max-width: 1500px) 100vw, 1500px\" \/><\/figure>\n<\/div>\n\n\n<p>Ab sofort erh\u00e4ltlich: das neue <strong>Kalenderprogramm 2027<\/strong>.<\/p>\n\n\n\n<p>Hier geht es zur <a href=\"https:\/\/www.mmkalender.de\/Kalenderprogramm-2027.pdf\" target=\"_blank\" rel=\"noreferrer noopener\">PDF-Ansicht<\/a>.<\/p>\n\n\n\n<p>M\u00f6chten Sie das Kalenderprogramm auf dem Postweg zugesendet bekommen, schreiben Sie bitte an <a href=\"mailto:info@mmkalender.de\">info@mmkalender.de<\/a>.<\/p>\n\n\n\n<p>Dar\u00fcber hinaus aktualisieren wir regelm\u00e4\u00dfig unseren Shop.<\/p>\n\n\n\n<p>Faszinierende Kalender, die Erinnerungen wecken und den Blick auf Ihre Stadt von heute sch\u00e4rfen. Alle Kalenderserien werden mit j\u00e4hrlich wechselnden Motiven fortgesetzt. Eine Fundgrube f\u00fcr Sammler.<\/p>\n","protected":false},"excerpt":{"rendered":"<p>Ab sofort erh\u00e4ltlich: das neue Kalenderprogramm 2027. Hier geht es zur PDF-Ansicht. M\u00f6chten Sie das Kalenderprogramm auf dem Postweg zugesendet bekommen, schreiben Sie bitte an info@mmkalender.de. Dar\u00fcber hinaus aktualisieren wir regelm\u00e4\u00dfig unseren Shop. Faszinierende Kalender, die Erinnerungen wecken und den Blick auf Ihre Stadt von heute sch\u00e4rfen. Alle Kalenderserien werden mit j\u00e4hrlich wechselnden Motiven fortgesetzt. [&hellip;]<\/p>\n","protected":false},"author":2,"featured_media":0,"parent":0,"menu_order":0,"comment_status":"closed","ping_status":"closed","template":"","meta":{"footnotes":""},"class_list":["post-59","page","type-page","status-publish","hentry"],"_links":{"self":[{"href":"https:\/\/www.mmkalender.de\/index.php\/wp-json\/wp\/v2\/pages\/59","targetHints":{"allow":["GET"]}}],"collection":[{"href":"https:\/\/www.mmkalender.de\/index.php\/wp-json\/wp\/v2\/pages"}],"about":[{"href":"https:\/\/www.mmkalender.de\/index.php\/wp-json\/wp\/v2\/types\/page"}],"author":[{"embeddable":true,"href":"https:\/\/www.mmkalender.de\/index.php\/wp-json\/wp\/v2\/users\/2"}],"replies":[{"embeddable":true,"href":"https:\/\/www.mmkalender.de\/index.php\/wp-json\/wp\/v2\/comments?post=59"}],"version-history":[{"count":39,"href":"https:\/\/www.mmkalender.de\/index.php\/wp-json\/wp\/v2\/pages\/59\/revisions"}],"predecessor-version":[{"id":7933,"href":"https:\/\/www.mmkalender.de\/index.php\/wp-json\/wp\/v2\/pages\/59\/revisions\/7933"}],"wp:attachment":[{"href":"https:\/\/www.mmkalender.de\/index.php\/wp-json\/wp\/v2\/media?parent=59"}],"curies":[{"name":"wp","href":"https:\/\/api.w.org\/{rel}","templated":true}]}}