{"id":4400,"date":"2020-04-03T12:29:58","date_gmt":"2020-04-03T12:29:58","guid":{"rendered":"https:\/\/www.mmkalender.de\/?post_type=product&#038;p=4400"},"modified":"2026-02-24T10:28:53","modified_gmt":"2026-02-24T10:28:53","slug":"pommern-gestern-2027","status":"publish","type":"product","link":"https:\/\/www.mmkalender.de\/index.php\/produkt\/pommern-gestern-2027\/","title":{"rendered":"Pommern gestern 2027"},"content":{"rendered":"<p>Pommern in alten Ansichten<br \/>\nISBN 978-3-96166-785-7<br \/>\nKalenderformat 29 x 32 cm<br \/>\nWire-O-Bindung<\/p>\n<p>Mit Bildern von: Stettin (Landeshauptstadt), Partie am Zasker See bei Sch\u00f6nlanke, K\u00f6slin (Selbst\u00e4ndiger Stadtkreis im gleichnamigen Regierungsbezirk), Greifenberg (Kreisstadt am westlichen Ufer der Rega), Stargard (Kreisfreie Stadt an beiden Seiten der Ihna gelegen), Stolp (Kreisfreie Stadt in Hinterpommern), Misdroy (Bedeutendes Seebad im Kreis Usedom-Wollin), Greifenhagen (Kreisstadt), Ostseeheilbad Bansin (Kreis Usedom-Wollin), Schivelbein (damalige Kreisstadt), Fischerdorf und Seebad Henkenhagen (Kreis Kolberg-K\u00f6rlin), Stettin (Landeshauptstadt), Schlawe (Stadt an der Wipper in Hinterpommern)<\/p>\n","protected":false},"excerpt":{"rendered":"<p>Pommern in alten Ansichten ISBN 978-3-96166-785-7 Kalenderformat 29 x 32 cm Wire-O-Bindung Mit Bildern von: Stettin (Landeshauptstadt), Partie am Zasker See bei Sch\u00f6nlanke, K\u00f6slin (Selbst\u00e4ndiger Stadtkreis im gleichnamigen Regierungsbezirk), Greifenberg (Kreisstadt am westlichen Ufer der Rega), Stargard (Kreisfreie Stadt an beiden Seiten der Ihna gelegen), Stolp (Kreisfreie Stadt in Hinterpommern), Misdroy (Bedeutendes Seebad im Kreis [&hellip;]<\/p>\n","protected":false},"featured_media":7895,"template":"","meta":[],"product_brand":[],"product_cat":[22],"product_tag":[181,158,109],"class_list":{"0":"post-4400","1":"product","2":"type-product","3":"status-publish","4":"has-post-thumbnail","6":"product_cat-heimat","7":"product_tag-181","8":"product_tag-heimat","9":"product_tag-pommern","10":"product_shipping_class-kalender","12":"first","13":"instock","14":"taxable","15":"shipping-taxable","16":"purchasable","17":"product-type-simple"},"_links":{"self":[{"href":"https:\/\/www.mmkalender.de\/index.php\/wp-json\/wp\/v2\/product\/4400","targetHints":{"allow":["GET"]}}],"collection":[{"href":"https:\/\/www.mmkalender.de\/index.php\/wp-json\/wp\/v2\/product"}],"about":[{"href":"https:\/\/www.mmkalender.de\/index.php\/wp-json\/wp\/v2\/types\/product"}],"wp:featuredmedia":[{"embeddable":true,"href":"https:\/\/www.mmkalender.de\/index.php\/wp-json\/wp\/v2\/media\/7895"}],"wp:attachment":[{"href":"https:\/\/www.mmkalender.de\/index.php\/wp-json\/wp\/v2\/media?parent=4400"}],"wp:term":[{"taxonomy":"product_brand","embeddable":true,"href":"https:\/\/www.mmkalender.de\/index.php\/wp-json\/wp\/v2\/product_brand?post=4400"},{"taxonomy":"product_cat","embeddable":true,"href":"https:\/\/www.mmkalender.de\/index.php\/wp-json\/wp\/v2\/product_cat?post=4400"},{"taxonomy":"product_tag","embeddable":true,"href":"https:\/\/www.mmkalender.de\/index.php\/wp-json\/wp\/v2\/product_tag?post=4400"}],"curies":[{"name":"wp","href":"https:\/\/api.w.org\/{rel}","templated":true}]}}