{"id":4429,"date":"2020-04-17T07:39:38","date_gmt":"2020-04-17T07:39:38","guid":{"rendered":"https:\/\/www.mmkalender.de\/?post_type=product&#038;p=4429"},"modified":"2026-02-24T12:48:52","modified_gmt":"2026-02-24T12:48:52","slug":"ford-capri-2027","status":"publish","type":"product","link":"https:\/\/www.mmkalender.de\/index.php\/produkt\/ford-capri-2027\/","title":{"rendered":"Ford Capri 2027"},"content":{"rendered":"<p>Ford Capri 2027<br \/>\nISBN 978-3-96166-789-5<br \/>\nKalenderformat 29 x 32 cm<br \/>\nWire-O-Bindung<\/p>\n<p>Ein Auto, das Sie sich schon immer gew\u00fcnscht haben.<\/p>\n<p>Nach Vorbild des Mustang pr\u00e4sentiert Ford 1969 mit dem Capri ein legend\u00e4res Sportcoup\u00e9 v\u00f6llig neuen Stils \u2013 eine Neuentwicklung von Kopf bis Fu\u00df. \u00dcber 1 Million Capri wurden bereits bis 1974 verkauft. Modellpflege und Weiterentwicklungen brachten 1974 den Capri II an den Start, 1978 deb\u00fctierte der Capri III bzw. Capri `78. 1987 wird das Kult-Coup\u00e9 nach \u00fcber 1.885.000 gebauten Einheiten aus dem Programm genommen.<\/p>\n","protected":false},"excerpt":{"rendered":"<p>Ford Capri 2027 ISBN 978-3-96166-789-5 Kalenderformat 29 x 32 cm Wire-O-Bindung Ein Auto, das Sie sich schon immer gew\u00fcnscht haben. Nach Vorbild des Mustang pr\u00e4sentiert Ford 1969 mit dem Capri ein legend\u00e4res Sportcoup\u00e9 v\u00f6llig neuen Stils \u2013 eine Neuentwicklung von Kopf bis Fu\u00df. \u00dcber 1 Million Capri wurden bereits bis 1974 verkauft. Modellpflege und Weiterentwicklungen [&hellip;]<\/p>\n","protected":false},"featured_media":7915,"template":"","meta":[],"product_brand":[],"product_cat":[112],"product_tag":[181,159,115],"class_list":{"0":"post-4429","1":"product","2":"type-product","3":"status-publish","4":"has-post-thumbnail","6":"product_cat-fahrzeuge","7":"product_tag-181","8":"product_tag-fahrzeuge","9":"product_tag-ford-capri","10":"product_shipping_class-kalender","12":"first","13":"instock","14":"taxable","15":"shipping-taxable","16":"purchasable","17":"product-type-simple"},"_links":{"self":[{"href":"https:\/\/www.mmkalender.de\/index.php\/wp-json\/wp\/v2\/product\/4429","targetHints":{"allow":["GET"]}}],"collection":[{"href":"https:\/\/www.mmkalender.de\/index.php\/wp-json\/wp\/v2\/product"}],"about":[{"href":"https:\/\/www.mmkalender.de\/index.php\/wp-json\/wp\/v2\/types\/product"}],"wp:featuredmedia":[{"embeddable":true,"href":"https:\/\/www.mmkalender.de\/index.php\/wp-json\/wp\/v2\/media\/7915"}],"wp:attachment":[{"href":"https:\/\/www.mmkalender.de\/index.php\/wp-json\/wp\/v2\/media?parent=4429"}],"wp:term":[{"taxonomy":"product_brand","embeddable":true,"href":"https:\/\/www.mmkalender.de\/index.php\/wp-json\/wp\/v2\/product_brand?post=4429"},{"taxonomy":"product_cat","embeddable":true,"href":"https:\/\/www.mmkalender.de\/index.php\/wp-json\/wp\/v2\/product_cat?post=4429"},{"taxonomy":"product_tag","embeddable":true,"href":"https:\/\/www.mmkalender.de\/index.php\/wp-json\/wp\/v2\/product_tag?post=4429"}],"curies":[{"name":"wp","href":"https:\/\/api.w.org\/{rel}","templated":true}]}}