{"id":4513,"date":"2020-06-02T13:00:35","date_gmt":"2020-06-02T13:00:35","guid":{"rendered":"https:\/\/www.mmkalender.de\/?post_type=product&#038;p=4513"},"modified":"2026-03-02T11:03:02","modified_gmt":"2026-03-02T11:03:02","slug":"motorrad-veteranen-2027","status":"publish","type":"product","link":"https:\/\/www.mmkalender.de\/index.php\/produkt\/motorrad-veteranen-2027\/","title":{"rendered":"Motorrad Veteranen 2027"},"content":{"rendered":"<p>Motorrad &#8211; Oldtimer und Klassiker 2027<br \/>\nISBN 978-3-96166-794-9<br \/>\nKalenderformat 29 x 32 cm<br \/>\nWire-O-Bindung<\/p>\n<p>Eine absolute Rarit\u00e4t mit nachhaltiger Werbewirkung. 12 Farbfotos zeigen eine Auswahl an Motorr\u00e4dern aus vergangenen Tagen von folgenden Herstellern:<\/p>\n<p>Imperia, Condor, NSU, New Hudson, Z\u00fcndapp, Puch, BMW, Victoria, Harley-Davidson, Ducati, M\u00fcnch und Honda<\/p>\n","protected":false},"excerpt":{"rendered":"<p>Motorrad &#8211; Oldtimer und Klassiker 2027 ISBN 978-3-96166-794-9 Kalenderformat 29 x 32 cm Wire-O-Bindung Eine absolute Rarit\u00e4t mit nachhaltiger Werbewirkung. 12 Farbfotos zeigen eine Auswahl an Motorr\u00e4dern aus vergangenen Tagen von folgenden Herstellern: Imperia, Condor, NSU, New Hudson, Z\u00fcndapp, Puch, BMW, Victoria, Harley-Davidson, Ducati, M\u00fcnch und Honda<\/p>\n","protected":false},"featured_media":7934,"template":"","meta":[],"product_brand":[],"product_cat":[112],"product_tag":[181,159,119],"class_list":{"0":"post-4513","1":"product","2":"type-product","3":"status-publish","4":"has-post-thumbnail","6":"product_cat-fahrzeuge","7":"product_tag-181","8":"product_tag-fahrzeuge","9":"product_tag-motorrad-veteranen","10":"product_shipping_class-kalender","12":"first","13":"instock","14":"taxable","15":"shipping-taxable","16":"purchasable","17":"product-type-simple"},"_links":{"self":[{"href":"https:\/\/www.mmkalender.de\/index.php\/wp-json\/wp\/v2\/product\/4513","targetHints":{"allow":["GET"]}}],"collection":[{"href":"https:\/\/www.mmkalender.de\/index.php\/wp-json\/wp\/v2\/product"}],"about":[{"href":"https:\/\/www.mmkalender.de\/index.php\/wp-json\/wp\/v2\/types\/product"}],"wp:featuredmedia":[{"embeddable":true,"href":"https:\/\/www.mmkalender.de\/index.php\/wp-json\/wp\/v2\/media\/7934"}],"wp:attachment":[{"href":"https:\/\/www.mmkalender.de\/index.php\/wp-json\/wp\/v2\/media?parent=4513"}],"wp:term":[{"taxonomy":"product_brand","embeddable":true,"href":"https:\/\/www.mmkalender.de\/index.php\/wp-json\/wp\/v2\/product_brand?post=4513"},{"taxonomy":"product_cat","embeddable":true,"href":"https:\/\/www.mmkalender.de\/index.php\/wp-json\/wp\/v2\/product_cat?post=4513"},{"taxonomy":"product_tag","embeddable":true,"href":"https:\/\/www.mmkalender.de\/index.php\/wp-json\/wp\/v2\/product_tag?post=4513"}],"curies":[{"name":"wp","href":"https:\/\/api.w.org\/{rel}","templated":true}]}}